{"id":3645,"date":"2019-09-02T07:39:22","date_gmt":"2019-09-02T07:39:22","guid":{"rendered":"http:\/\/bellacquacmp.com\/?page_id=3645"},"modified":"2020-06-18T12:19:29","modified_gmt":"2020-06-18T10:19:29","slug":"bellacqua","status":"publish","type":"page","link":"https:\/\/bellacquacmp.com\/","title":{"rendered":"Bell&#8217;acqua"},"content":{"rendered":"\t\t<div data-elementor-type=\"wp-post\" data-elementor-id=\"3645\" class=\"elementor elementor-3645\">\n\t\t\t\t\t\t<section class=\"has_ae_slider elementor-section elementor-top-section elementor-element elementor-element-153d8aa7 elementor-section-boxed elementor-section-height-default elementor-section-height-default ae-bg-gallery-type-default\" data-id=\"153d8aa7\" data-element_type=\"section\" data-e-type=\"section\">\n\t\t\t\t\t\t<div class=\"elementor-container elementor-column-gap-default\">\n\t\t\t\t\t<div class=\"has_ae_slider elementor-column elementor-col-100 elementor-top-column elementor-element elementor-element-7d1f19f0 ae-bg-gallery-type-default\" data-id=\"7d1f19f0\" data-element_type=\"column\" data-e-type=\"column\">\n\t\t\t<div class=\"elementor-widget-wrap elementor-element-populated\">\n\t\t\t\t\t\t<div class=\"elementor-element elementor-element-a433ca0 elementor-widget elementor-widget-image\" data-id=\"a433ca0\" data-element_type=\"widget\" data-e-type=\"widget\" data-widget_type=\"image.default\">\n\t\t\t\t<div class=\"elementor-widget-container\">\n\t\t\t\t\t\t\t\t\t\t\t\t\t\t\t<img fetchpriority=\"high\" decoding=\"async\" width=\"640\" height=\"360\" src=\"https:\/\/bellacquacmp.com\/wp-content\/uploads\/2019\/09\/Hippopx34-1024x576.jpg\" class=\"attachment-large size-large wp-image-4390\" alt=\"\" srcset=\"https:\/\/bellacquacmp.com\/wp-content\/uploads\/2019\/09\/Hippopx34-1024x576.jpg 1024w, https:\/\/bellacquacmp.com\/wp-content\/uploads\/2019\/09\/Hippopx34-300x169.jpg 300w, https:\/\/bellacquacmp.com\/wp-content\/uploads\/2019\/09\/Hippopx34-768x432.jpg 768w, https:\/\/bellacquacmp.com\/wp-content\/uploads\/2019\/09\/Hippopx34-600x338.jpg 600w, https:\/\/bellacquacmp.com\/wp-content\/uploads\/2019\/09\/Hippopx34.jpg 1920w\" sizes=\"(max-width: 640px) 100vw, 640px\" \/>\t\t\t\t\t\t\t\t\t\t\t\t\t\t\t<\/div>\n\t\t\t\t<\/div>\n\t\t\t\t<div class=\"elementor-element elementor-element-796895e elementor-widget__width-inherit elementor-widget elementor-widget-text-editor\" data-id=\"796895e\" data-element_type=\"widget\" data-e-type=\"widget\" data-widget_type=\"text-editor.default\">\n\t\t\t\t<div class=\"elementor-widget-container\">\n\t\t\t\t\t\t\t\t\t<div class=\"vce-row-container\"><div id=\"el-b69c2f21\" class=\"vce-row vce-row--col-gap-30 vce-row-columns--top vce-row-content--top\" data-vce-do-apply=\"all el-b69c2f21\"><div class=\"vce-row-content\" data-vce-element-content=\"true\"><div id=\"el-639375a2\" class=\"vce-col vce-col--md-auto vce-col--xs-1 vce-col--xs-last vce-col--xs-first vce-col--sm-last vce-col--sm-first vce-col--md-last vce-col--lg-last vce-col--xl-last vce-col--md-first vce-col--lg-first vce-col--xl-first\"><div class=\"vce-col-inner\" data-vce-do-apply=\"border margin background el-639375a2\"><div class=\"vce-col-content\" data-vce-element-content=\"true\" data-vce-do-apply=\"padding el-639375a2\"><div class=\"vce-text-block\"><div id=\"el-c2d33e61\" class=\"vce-text-block-wrapper vce\" data-vce-do-apply=\"all el-c2d33e61\"><h5 style=\"text-align: left;\"><span style=\"font-family: arial, helvetica, sans-serif;\">Benvinguts a Bell&#8217;acqua CMP !<br \/><\/span><\/h5><h5 style=\"text-align: left;\"><span style=\"font-family: arial, helvetica, sans-serif;\">\u00a0<\/span><\/h5><h5 style=\"text-align: left;\"><span style=\"font-family: arial, helvetica, sans-serif;\">Aqui podr\u00e0s trobar una manera directa, imaginativa i sincera d&#8217;ajudar-te en els temes relacionats amb les teves propietats immobili\u00e0ries &#8230; o en les que voldries fer teves.<\/span><\/h5><h5 style=\"text-align: left;\"><span style=\"font-family: arial, helvetica, sans-serif;\">\u00a0<\/span><\/h5><h5 style=\"text-align: left;\"><span style=\"font-family: arial, helvetica, sans-serif;\">Les propietats estan tan vives com els seus propietaris. I necessiten atenci\u00f3 i cura per estar en \u00f2ptimes condicions de servir als objectius o necessitats fixats per ells.<\/span><\/h5><h5 style=\"text-align: left;\"><span style=\"font-family: arial, helvetica, sans-serif;\">\u00a0<\/span><\/h5><h5 style=\"text-align: left;\"><span style=\"font-family: arial, helvetica, sans-serif;\">Nosaltres estem preparats per ajudar en el que necessitis o vulguis, sempre sobre la base de treballar junts en benefici de tots.\u00a0<\/span><span style=\"font-family: arial, helvetica, sans-serif;\"><code><\/code><\/span><\/h5><p><strong>\u00a0<\/strong><\/p><h5 style=\"text-align: left;\"><span style=\"font-family: arial, helvetica, sans-serif;\">Volem fer una feina \u00fatil, profitosa i que aporti a les diferents parts involucrades. Client, propietats i nosaltres. Volem creixer com persones i professionals amb cada tasca o projecte que culminem. I estem disposats a dir NO quan ho creiem adient. La feina feta per ocupar el temps es una experi\u00e8ncia que evitarem al m\u00e0xim.<\/span><\/h5><h5 style=\"text-align: left;\"><span style=\"font-family: arial, helvetica, sans-serif;\">\u00a0<\/span><\/h5><h5 style=\"text-align: left;\"><span style=\"font-family: arial, helvetica, sans-serif;\">Sabem que hi ha molts assessors. Una bona part que nom\u00e9s entenen la compet\u00e8ncia com una amena\u00e7a a la seva butxaca. Disposats a tot per guanyar un client. A nosaltres no en trobereu entre ells. El client ens triar\u00e0 i nosaltres triarem el client &#8230; en la mesura qu\u00e8 ens convingui.<\/span><\/h5><h5 style=\"text-align: left;\"><span style=\"font-family: arial, helvetica, sans-serif;\">\u00a0<\/span><\/h5><h5 style=\"text-align: left;\"><span style=\"font-family: arial, helvetica, sans-serif;\">Ens agraden els projectes engrescadors. Que fan pensar i estimulen la nostra ment. Qu\u00e8 ens exigeixen expremer els nostres coneixements i mestratge. Qu\u00e8 forcen la nostra creativitat per mostrar les opcions m\u00e9s plausibles i adients als interessos del client i de les seves propietats d&#8217;una manera entenidora. Defugim els escrits en Word, plens de palla i contingut pensat per fer gruix. Ens agrada l&#8217;Excel i, sobre tot, el Power Point. Ens agrada trepitjar els llocs. Con\u00e8ixer els entorns. Entendre com es relaciona la propietat amb el que l&#8217;envolta. Poder donar una visi\u00f3 global, nova o ja coneguda per la propietat. Transversalitzar l&#8217;essencia de l&#8217;objectiu amb diferentes maneres de comprendre que sempre hi han moltes possibilitats i sovint les limitem dr\u00e0sticament.<\/span><\/h5><h5 style=\"text-align: left;\"><span style=\"font-family: arial, helvetica, sans-serif;\">\u00a0<\/span><\/h5><h5 style=\"text-align: left;\"><span style=\"font-family: arial, helvetica, sans-serif;\">Parlo com &#8220;nosaltres&#8221; per qu\u00e8 molts enc\u00e0rrecs tenen components multidisciplinaris. I he bastit un conjunt de col\u00b7laboradors amb qui comparteixo aquesta manera de entendre la feina.<\/span><\/h5><h5 style=\"text-align: left;\"><span style=\"font-family: arial, helvetica, sans-serif;\">\u00a0<\/span><\/h5><h5 style=\"text-align: left;\"><span style=\"font-family: arial, helvetica, sans-serif;\">Som conscients que ens tanquem portes. Potser moltes. Volem destacar per la qualitat de la subst\u00e0ncia del resultat. No pas per una gran presentaci\u00f3, una factura minsa o una submissi\u00f3 total a l&#8217;enc\u00e0rrec. Tamb\u00e8 ens agrada fer Mentoring amb les propietats. I establir relacions a llarg termini amb elles &#8230; i, per descomptat, amb els seus propietaris.<\/span><\/h5><h5 style=\"text-align: left;\"><span style=\"font-family: arial, helvetica, sans-serif;\">\u00a0<\/span><\/h5><h5 style=\"text-align: left;\"><span style=\"font-family: arial, helvetica, sans-serif;\">Creiem en els valor humans aplicats a l&#8217;entorn professional, no nom\u00e9s de boqueta ans abans demostrant-ho amb fets sobre la taula. Un altre cop ho diem, volem ser tan selectius com ens sigui possible i plausible a l&#8217;hora de l&#8217;acceptaci\u00f3 d&#8217;ofertes de col\u00b7laboraci\u00f3 i treball. I s\u00ed, podem col\u00b7laborar amb tu.\u00a0 I amb les teves propietats.<\/span><\/h5><h5 style=\"text-align: left;\"><span style=\"font-family: arial, helvetica, sans-serif;\">\u00a0<\/span><\/h5><h5 style=\"text-align: left;\"><span style=\"font-family: arial, helvetica, sans-serif;\">Si aquesta presentaci\u00f3 t&#8217;abelleix i et convida a pensar diferent sobre els teus actius, som m\u00e9s aprop de tenir una conversa fruct\u00edfera.<\/span><\/h5><h5 style=\"text-align: left;\"><span style=\"font-family: arial, helvetica, sans-serif;\">\u00a0<\/span><\/h5><h5 style=\"text-align: left;\"><span style=\"font-family: arial, helvetica, sans-serif;\">Fins aviat !&#8221;<\/span><\/h5><div><h5 style=\"text-align: left;\"><strong>\u00a0<\/strong><\/h5><\/div><h5>\u00a0<\/h5><\/div><\/div><\/div><\/div><\/div><\/div><\/div><\/div><p><!--vcv no format--><\/p>\t\t\t\t\t\t\t\t<\/div>\n\t\t\t\t<\/div>\n\t\t\t\t\t<\/div>\n\t\t<\/div>\n\t\t\t\t\t<\/div>\n\t\t<\/section>\n\t\t\t\t<section class=\"has_ae_slider elementor-section elementor-top-section elementor-element elementor-element-410073bf elementor-section-content-middle elementor-section-stretched elementor-section-boxed elementor-section-height-default elementor-section-height-default ae-bg-gallery-type-default\" data-id=\"410073bf\" data-element_type=\"section\" data-e-type=\"section\" data-settings=\"{&quot;background_background&quot;:&quot;classic&quot;,&quot;stretch_section&quot;:&quot;section-stretched&quot;}\">\n\t\t\t\t\t\t<div class=\"elementor-container elementor-column-gap-no\">\n\t\t\t\t\t<div class=\"has_ae_slider elementor-column elementor-col-100 elementor-top-column elementor-element elementor-element-26fcd80 ae-bg-gallery-type-default\" data-id=\"26fcd80\" data-element_type=\"column\" data-e-type=\"column\">\n\t\t\t<div class=\"elementor-widget-wrap elementor-element-populated\">\n\t\t\t\t\t\t<div class=\"elementor-element elementor-element-8328416 elementor-widget elementor-widget-text-editor\" data-id=\"8328416\" data-element_type=\"widget\" data-e-type=\"widget\" data-widget_type=\"text-editor.default\">\n\t\t\t\t<div class=\"elementor-widget-container\">\n\t\t\t\t\t\t\t\t\t<h2><b>FAQ&#8217;s<\/b><\/h2><p><b>Preguntes freq\u00fcents i preguntes dif\u00edcils<\/b><\/p>\t\t\t\t\t\t\t\t<\/div>\n\t\t\t\t<\/div>\n\t\t\t\t<div class=\"elementor-element elementor-element-f833ce5 elementor-widget__width-inherit elementor-widget elementor-widget-faq-elementor\" data-id=\"f833ce5\" data-element_type=\"widget\" data-e-type=\"widget\" data-widget_type=\"faq-elementor.default\">\n\t\t\t\t<div class=\"elementor-widget-container\">\n\t\t\t\t\t<div class=\"faqwd_conteiner \"><div  class=\"faqwd_categories faqwd_hidden\"><ul class=\"faqwd_categories_ul\"> <li class=\"faqwd_categories_li faqwd_category_id_195\" data-catid=\"195\">Bellacqua <li class=\"faqwd_categories_li faqwd_category_id_196\" data-catid=\"196\">Momentum <li class=\"faqwd_categories_li faqwd_category_id_197\" data-catid=\"197\">Coneixement <li class=\"faqwd_categories_li faqwd_category_id_198\" data-catid=\"198\">Prospectiva<\/li><\/ul><\/div><div class=\"faqwd_expand_collapse\">\r\n    <span class=\"faqwd_expand\">Expand All<\/span>    \r\n        <span class=\"faqwd_hidden\">|<\/span>\r\n    <span class=\"faqwd_collapse\">Collapse All<\/span>\r\n    <\/div><div class=\"faqwd_questions\"><div class=\"faqwd_cat_195 faqwd_cat faqwd_hidden\"><ul class=\"faqwd_questions_ul\"><li class=\"faqwd_question_li expand faqwd_qustion_li_195_4917\"><div class=\"faqwd_question_title_container\" data-faqid=195_4917> <div class=\"faqwd_question_title\"> <span class=\"faqwd_quest_numbering\">1. <\/span><span class=\"faqwd_post_title\" id=\"195_4917\">Per qu\u00e8 treballar amb Bell'acqua?<\/span><\/div><div class=\"before20\"><span class=\"arr\">&nbsp;<\/span><\/div><\/div><div class=\"faqwd_question_content faqwd_question_195_4917\"><div class=\"faqwd_answer_container\"><div class=\"faqwd_post_info\"><\/div><div class=\"faqwd_answer\"><p>Som seriosos, experimentats i valorem el temps dels nostres clients.<\/p>\n<\/div><div class=\"faqwd_question_options\"><\/div><\/div><\/div><\/li ><li class=\"faqwd_question_li expand faqwd_qustion_li_195_4912\"><div class=\"faqwd_question_title_container\" data-faqid=195_4912> <div class=\"faqwd_question_title\"> <span class=\"faqwd_quest_numbering\">2. <\/span><span class=\"faqwd_post_title\" id=\"195_4912\">Paga la pena tenir un assessor immobiliari?<\/span><\/div><div class=\"before20\"><span class=\"arr\">&nbsp;<\/span><\/div><\/div><div class=\"faqwd_question_content faqwd_question_195_4912\"><div class=\"faqwd_answer_container\"><div class=\"faqwd_post_info\"><\/div><div class=\"faqwd_answer\"><p>S\u00ed. \u00c9s molt important tenir alg\u00fa que estigui de la nostra banda quan fem operacions ja qu\u00e8 involucren un alt volum de capital.<\/p>\n<\/div><div class=\"faqwd_question_options\"><\/div><\/div><\/div><\/li ><\/ul > <\/div > <div class=\"faqwd_cat_197 faqwd_cat faqwd_hidden\"><ul class=\"faqwd_questions_ul\"><li class=\"faqwd_question_li expand faqwd_qustion_li_197_4918\"><div class=\"faqwd_question_title_container\" data-faqid=197_4918> <div class=\"faqwd_question_title\"> <span class=\"faqwd_quest_numbering\">3. <\/span><span class=\"faqwd_post_title\" id=\"197_4918\">Per qu\u00e8 els temes urban\u00edstics son tant complicats?<\/span><\/div><div class=\"before20\"><span class=\"arr\">&nbsp;<\/span><\/div><\/div><div class=\"faqwd_question_content faqwd_question_197_4918\"><div class=\"faqwd_answer_container\"><div class=\"faqwd_post_info\"><\/div><div class=\"faqwd_answer\"><p>L'urbanisme \u00e9s una disciplina qu\u00e8 engloba temes pol\u00edtics, territorials, legals, de disseny i de repartiment de beneficis i c\u00e0rregues. Al interactuar din\u00e0micament entre ells es generen molts punts de discrep\u00e0ncia al respecte de com ser\u00e0 una part del territori, amb totes les connotacions que aix\u00f2 comporta.<\/p>\n<\/div><div class=\"faqwd_question_options\"><\/div><\/div><\/div><\/li ><li class=\"faqwd_question_li expand faqwd_qustion_li_197_4919\"><div class=\"faqwd_question_title_container\" data-faqid=197_4919> <div class=\"faqwd_question_title\"> <span class=\"faqwd_quest_numbering\">4. <\/span><span class=\"faqwd_post_title\" id=\"197_4919\">No vull estar en una Junta de Compensaci\u00f3. Puc fer-ho?<\/span><\/div><div class=\"before20\"><span class=\"arr\">&nbsp;<\/span><\/div><\/div><div class=\"faqwd_question_content faqwd_question_197_4919\"><div class=\"faqwd_answer_container\"><div class=\"faqwd_post_info\"><\/div><div class=\"faqwd_answer\"><p>Pots fer-ho. \u00c9s molt poc recomenaci\u00f3 ja qu\u00e8 igualment estar\u00e0s obligat per les seves decisions. I ja posats, millor tenir informaci\u00f3 amplia i de primera ma qu\u00e8 no pas comunicacions escrites, que igualment t'arribarien.<\/p>\n<\/div><div class=\"faqwd_question_options\"><\/div><\/div><\/div><\/li ><li class=\"faqwd_question_li expand faqwd_qustion_li_197_4931\"><div class=\"faqwd_question_title_container\" data-faqid=197_4931> <div class=\"faqwd_question_title\"> <span class=\"faqwd_quest_numbering\">5. <\/span><span class=\"faqwd_post_title\" id=\"197_4931\">Vull recalificar un s\u00f3l qu\u00e8 tinc. Es possible?<\/span><\/div><div class=\"before20\"><span class=\"arr\">&nbsp;<\/span><\/div><\/div><div class=\"faqwd_question_content faqwd_question_197_4931\"><div class=\"faqwd_answer_container\"><div class=\"faqwd_post_info\"><\/div><div class=\"faqwd_answer\"><p>S\u00ed. Aix\u00f2 no treu que pugui ser un proc\u00e9s llarg i dif\u00edcil donat que l'urbanisme, massa sovint, es converteix en un canvi d'estampes entre propietaris i administracions, cadascuna buscant el seu propi benefici.<\/p>\n<\/div><div class=\"faqwd_question_options\"><\/div><\/div><\/div><\/li ><\/ul > <\/div > <div class=\"faqwd_cat_198 faqwd_cat faqwd_hidden\"><ul class=\"faqwd_questions_ul\"><\/ul > <\/div > <\/div><script>\r\n        jQuery(function () {\r\n          aj_comp();\r\n        });\r\n      <\/script><div class=\"faqwd_pagination\"><\/div><\/div>\t\t\t\t<\/div>\n\t\t\t\t<\/div>\n\t\t\t\t\t<\/div>\n\t\t<\/div>\n\t\t\t\t\t<\/div>\n\t\t<\/section>\n\t\t\t\t<section class=\"has_ae_slider elementor-section elementor-top-section elementor-element elementor-element-24c1aab elementor-section-boxed elementor-section-height-default elementor-section-height-default ae-bg-gallery-type-default\" data-id=\"24c1aab\" data-element_type=\"section\" data-e-type=\"section\">\n\t\t\t\t\t\t<div class=\"elementor-container elementor-column-gap-default\">\n\t\t\t\t\t<div class=\"has_ae_slider elementor-column elementor-col-33 elementor-top-column elementor-element elementor-element-8d4e43b ae-bg-gallery-type-default\" data-id=\"8d4e43b\" data-element_type=\"column\" data-e-type=\"column\">\n\t\t\t<div class=\"elementor-widget-wrap elementor-element-populated\">\n\t\t\t\t\t\t<div class=\"elementor-element elementor-element-264216b elementor-widget elementor-widget-wp-widget-traffic_light_widget\" data-id=\"264216b\" data-element_type=\"widget\" data-e-type=\"widget\" data-widget_type=\"wp-widget-traffic_light_widget.default\">\n\t\t\t\t<div class=\"elementor-widget-container\">\n\t\t\t\t\t<h5>Com anem de feina &#8230;<\/h5><div style=\"line-height:0px;padding:0;text-decoration:none;\"><img decoding=\"async\" src=\"https:\/\/bellacquacmp.com\/wp-content\/plugins\/traffic-lights\/bilder\/red-off.png\" \/><br \/><img decoding=\"async\" src=\"https:\/\/bellacquacmp.com\/wp-content\/plugins\/traffic-lights\/bilder\/yellow.png\" \/><br \/><img decoding=\"async\" src=\"https:\/\/bellacquacmp.com\/wp-content\/plugins\/traffic-lights\/bilder\/green-off.png\" \/><br \/><\/div>\t\t\t\t<\/div>\n\t\t\t\t<\/div>\n\t\t\t\t\t<\/div>\n\t\t<\/div>\n\t\t\t\t<div class=\"has_ae_slider elementor-column elementor-col-33 elementor-top-column elementor-element elementor-element-493603e ae-bg-gallery-type-default\" data-id=\"493603e\" data-element_type=\"column\" data-e-type=\"column\">\n\t\t\t<div class=\"elementor-widget-wrap elementor-element-populated\">\n\t\t\t\t\t\t\t<\/div>\n\t\t<\/div>\n\t\t\t\t<div class=\"has_ae_slider elementor-column elementor-col-33 elementor-top-column elementor-element elementor-element-9a1ce84 ae-bg-gallery-type-default\" data-id=\"9a1ce84\" data-element_type=\"column\" data-e-type=\"column\">\n\t\t\t<div class=\"elementor-widget-wrap\">\n\t\t\t\t\t\t\t<\/div>\n\t\t<\/div>\n\t\t\t\t\t<\/div>\n\t\t<\/section>\n\t\t\t\t<\/div>\n\t\t","protected":false},"excerpt":{"rendered":"<p>Benvinguts a Bell&#8217;acqua CMP ! \u00a0 Aqui podr\u00e0s trobar una manera directa, imaginativa i sincera d&#8217;ajudar-te en els temes relacionats amb les teves propietats immobili\u00e0ries &#8230; o en les que voldries fer teves. \u00a0 Les propietats estan tan vives com els seus propietaris. I necessiten atenci\u00f3 i cura per estar en \u00f2ptimes condicions de servir als objectius o necessitats fixats per ells. \u00a0 Nosaltres estem preparats per ajudar en el que necessitis o vulguis, sempre sobre la base de treballar&hellip;<\/p>\n","protected":false},"author":1,"featured_media":0,"parent":0,"menu_order":0,"comment_status":"closed","ping_status":"closed","template":"","meta":{"footnotes":""},"class_list":["post-3645","page","type-page","status-publish","hentry"],"_links":{"self":[{"href":"https:\/\/bellacquacmp.com\/index.php\/wp-json\/wp\/v2\/pages\/3645","targetHints":{"allow":["GET"]}}],"collection":[{"href":"https:\/\/bellacquacmp.com\/index.php\/wp-json\/wp\/v2\/pages"}],"about":[{"href":"https:\/\/bellacquacmp.com\/index.php\/wp-json\/wp\/v2\/types\/page"}],"author":[{"embeddable":true,"href":"https:\/\/bellacquacmp.com\/index.php\/wp-json\/wp\/v2\/users\/1"}],"replies":[{"embeddable":true,"href":"https:\/\/bellacquacmp.com\/index.php\/wp-json\/wp\/v2\/comments?post=3645"}],"version-history":[{"count":61,"href":"https:\/\/bellacquacmp.com\/index.php\/wp-json\/wp\/v2\/pages\/3645\/revisions"}],"predecessor-version":[{"id":4992,"href":"https:\/\/bellacquacmp.com\/index.php\/wp-json\/wp\/v2\/pages\/3645\/revisions\/4992"}],"wp:attachment":[{"href":"https:\/\/bellacquacmp.com\/index.php\/wp-json\/wp\/v2\/media?parent=3645"}],"curies":[{"name":"wp","href":"https:\/\/api.w.org\/{rel}","templated":true}]}}