{"id":4442,"date":"2019-09-09T07:53:47","date_gmt":"2019-09-09T07:53:47","guid":{"rendered":"http:\/\/bellacquacmp.com\/?page_id=4442"},"modified":"2019-09-09T08:54:47","modified_gmt":"2019-09-09T08:54:47","slug":"coneixement","status":"publish","type":"page","link":"https:\/\/bellacquacmp.com\/index.php\/coneixement\/","title":{"rendered":"Coneixement"},"content":{"rendered":"<p>Coneixement &#8230; Es important saber qu\u00e8 tenim. I una cosa tan elemental com aquesta es sovint molt obviada. Afectacions? Fora de normativa? Canvis de planejament a l&#8217;horitz\u00f2? Tot aix\u00f2 afecta no nom\u00e9s el valor de les nostres possessions si no tamb\u00e8 la nostra tranquilitat personal. El coneixement permet, al mateix temps, que el risc associat a qualsevol d&#8217;elles sigui no menor, per\u00f2 si conegut.<br \/>\nI aquest coneixement ens dona una visi\u00f3 acurada de qu\u00e8 suposa ser propietari. O llogater. O usufructuari. O concessionari &#8230;<br \/>\nEl m\u00f3n immobiliari es, en general, secill. Per\u00f2 quan surts de la sencillessa habitual, es molt complicat. Amb matitssos. Amb subtilesses. Amb trampes amagades.<br \/>\nI, un cop m\u00e9s, el coneixement es una eina que ens permet afrontar aquestes situacions amb m\u00e9s confian\u00e1 i seguretat. <\/p>\n","protected":false},"excerpt":{"rendered":"<p>Coneixement &#8230; Es important saber qu\u00e8 tenim. I una cosa tan elemental com aquesta es sovint molt obviada. Afectacions? Fora de normativa? Canvis de planejament a l&#8217;horitz\u00f2? Tot aix\u00f2 afecta no nom\u00e9s el valor de les nostres possessions si no tamb\u00e8 la nostra tranquilitat personal. El coneixement permet, al mateix temps, que el risc associat a qualsevol d&#8217;elles sigui no menor, per\u00f2 si conegut. I aquest coneixement ens dona una visi\u00f3 acurada de qu\u00e8 suposa ser propietari. O llogater. O&hellip;<\/p>\n","protected":false},"author":1,"featured_media":0,"parent":0,"menu_order":0,"comment_status":"closed","ping_status":"closed","template":"","meta":{"footnotes":""},"class_list":["post-4442","page","type-page","status-publish","hentry"],"_links":{"self":[{"href":"https:\/\/bellacquacmp.com\/index.php\/wp-json\/wp\/v2\/pages\/4442","targetHints":{"allow":["GET"]}}],"collection":[{"href":"https:\/\/bellacquacmp.com\/index.php\/wp-json\/wp\/v2\/pages"}],"about":[{"href":"https:\/\/bellacquacmp.com\/index.php\/wp-json\/wp\/v2\/types\/page"}],"author":[{"embeddable":true,"href":"https:\/\/bellacquacmp.com\/index.php\/wp-json\/wp\/v2\/users\/1"}],"replies":[{"embeddable":true,"href":"https:\/\/bellacquacmp.com\/index.php\/wp-json\/wp\/v2\/comments?post=4442"}],"version-history":[{"count":1,"href":"https:\/\/bellacquacmp.com\/index.php\/wp-json\/wp\/v2\/pages\/4442\/revisions"}],"predecessor-version":[{"id":4443,"href":"https:\/\/bellacquacmp.com\/index.php\/wp-json\/wp\/v2\/pages\/4442\/revisions\/4443"}],"wp:attachment":[{"href":"https:\/\/bellacquacmp.com\/index.php\/wp-json\/wp\/v2\/media?parent=4442"}],"curies":[{"name":"wp","href":"https:\/\/api.w.org\/{rel}","templated":true}]}}