{"id":4445,"date":"2019-09-09T08:55:51","date_gmt":"2019-09-09T08:55:51","guid":{"rendered":"http:\/\/bellacquacmp.com\/?page_id=4445"},"modified":"2019-09-09T09:01:59","modified_gmt":"2019-09-09T09:01:59","slug":"momentum","status":"publish","type":"page","link":"https:\/\/bellacquacmp.com\/index.php\/momentum\/","title":{"rendered":"Momentum"},"content":{"rendered":"<p>Aix &#8230; el Momentum &#8230; Diria que no es una parula 100% en llat\u00ed. Pero sona prou b\u00e9 com per estar aqu\u00ed, per reflectir la M.<br \/>\nMomentum seria el moment present. El qu\u00e8 es fa ara. <\/p>\n<p>No ahir. <\/p>\n<p>No dem\u00e0. <\/p>\n<p>Avui.<\/p>\n<p>Per qu\u00e8, cal no oblidar-ho, les nostres possessions son ens que tenen vida pr\u00f2pia. Hem de pagar impostos com el IBI. Mantenir unes assegurances. Gestionar-les. Tal vegada, vendre-les. Poden tenir usuaris amb contracte o okupes. Potser s&#8217;han de fer obres. Potser en volem comprar de noves.<\/p>\n<p>Son actius que s&#8217;han de gestionar. I quan no es gestionen, despr\u00e9s en un moment donat tot son correcuites.<\/p>\n<p>Apart, que normalment els actius immobiliaris solen ser la part del lle\u00f3 de la majoria dels patrimonis familiars o empresarials.<\/p>\n","protected":false},"excerpt":{"rendered":"<p>Aix &#8230; el Momentum &#8230; Diria que no es una parula 100% en llat\u00ed. Pero sona prou b\u00e9 com per estar aqu\u00ed, per reflectir la M. Momentum seria el moment present. El qu\u00e8 es fa ara. No ahir. No dem\u00e0. Avui. Per qu\u00e8, cal no oblidar-ho, les nostres possessions son ens que tenen vida pr\u00f2pia. Hem de pagar impostos com el IBI. Mantenir unes assegurances. Gestionar-les. Tal vegada, vendre-les. Poden tenir usuaris amb contracte o okupes. Potser s&#8217;han de fer&hellip;<\/p>\n","protected":false},"author":1,"featured_media":0,"parent":0,"menu_order":0,"comment_status":"closed","ping_status":"closed","template":"","meta":{"footnotes":""},"class_list":["post-4445","page","type-page","status-publish","hentry"],"_links":{"self":[{"href":"https:\/\/bellacquacmp.com\/index.php\/wp-json\/wp\/v2\/pages\/4445","targetHints":{"allow":["GET"]}}],"collection":[{"href":"https:\/\/bellacquacmp.com\/index.php\/wp-json\/wp\/v2\/pages"}],"about":[{"href":"https:\/\/bellacquacmp.com\/index.php\/wp-json\/wp\/v2\/types\/page"}],"author":[{"embeddable":true,"href":"https:\/\/bellacquacmp.com\/index.php\/wp-json\/wp\/v2\/users\/1"}],"replies":[{"embeddable":true,"href":"https:\/\/bellacquacmp.com\/index.php\/wp-json\/wp\/v2\/comments?post=4445"}],"version-history":[{"count":3,"href":"https:\/\/bellacquacmp.com\/index.php\/wp-json\/wp\/v2\/pages\/4445\/revisions"}],"predecessor-version":[{"id":4448,"href":"https:\/\/bellacquacmp.com\/index.php\/wp-json\/wp\/v2\/pages\/4445\/revisions\/4448"}],"wp:attachment":[{"href":"https:\/\/bellacquacmp.com\/index.php\/wp-json\/wp\/v2\/media?parent=4445"}],"curies":[{"name":"wp","href":"https:\/\/api.w.org\/{rel}","templated":true}]}}