{"id":4450,"date":"2019-09-09T09:39:58","date_gmt":"2019-09-09T09:39:58","guid":{"rendered":"http:\/\/bellacquacmp.com\/?page_id=4450"},"modified":"2019-09-09T09:41:39","modified_gmt":"2019-09-09T09:41:39","slug":"prospectiva","status":"publish","type":"page","link":"https:\/\/bellacquacmp.com\/index.php\/prospectiva\/","title":{"rendered":"Prospectiva"},"content":{"rendered":"<p>La prospectiva no es ni perspectiva ni productiva ni prospecci\u00f3 ni perspic\u00e0cia.<\/p>\n<p>Es la manera qu\u00e8 tenim de mirar al futur pensant en el qu\u00e8 podem fer.<\/p>\n<p>Nosaltres creiem que es important saber tot el qu\u00e8 podem fer i qu\u00e8 es el que podria ser m\u00e9s adient per nosaltres, la nostra situaci\u00f3 o la de les nostres propeitats.<\/p>\n<p>Per aix\u00f2 treballem amb possibilitats i probabilitats. I sense dir mai quina es la millor opci\u00f3.<\/p>\n<p>No ens mullem?<\/p>\n<p>I tant que s\u00ed !<\/p>\n<p>Per\u00f2 qui tria es el nostre client. I nosaltres som una eina m\u00e9s de les que ell t\u00e9 per poder dil\u00b7lucidar quina es la l\u00ednia d&#8217;acci\u00f3 m\u00e9s prometedora per ells i els seus interessos.<\/p>\n<p>Assessorem. Donem consell. Posem sobre la taula les opcions qu\u00e8 millor poden servir, segons la nostra experi\u00e8ncia, mestratge i coneixement.<\/p>\n<p>Les propietats son dels clients, no nostres &#8230; malhauradament !<\/p>\n","protected":false},"excerpt":{"rendered":"<p>La prospectiva no es ni perspectiva ni productiva ni prospecci\u00f3 ni perspic\u00e0cia. Es la manera qu\u00e8 tenim de mirar al futur pensant en el qu\u00e8 podem fer. Nosaltres creiem que es important saber tot el qu\u00e8 podem fer i qu\u00e8 es el que podria ser m\u00e9s adient per nosaltres, la nostra situaci\u00f3 o la de les nostres propeitats. Per aix\u00f2 treballem amb possibilitats i probabilitats. I sense dir mai quina es la millor opci\u00f3. No ens mullem? I tant que&hellip;<\/p>\n","protected":false},"author":1,"featured_media":0,"parent":0,"menu_order":0,"comment_status":"closed","ping_status":"closed","template":"","meta":{"footnotes":""},"class_list":["post-4450","page","type-page","status-publish","hentry"],"_links":{"self":[{"href":"https:\/\/bellacquacmp.com\/index.php\/wp-json\/wp\/v2\/pages\/4450","targetHints":{"allow":["GET"]}}],"collection":[{"href":"https:\/\/bellacquacmp.com\/index.php\/wp-json\/wp\/v2\/pages"}],"about":[{"href":"https:\/\/bellacquacmp.com\/index.php\/wp-json\/wp\/v2\/types\/page"}],"author":[{"embeddable":true,"href":"https:\/\/bellacquacmp.com\/index.php\/wp-json\/wp\/v2\/users\/1"}],"replies":[{"embeddable":true,"href":"https:\/\/bellacquacmp.com\/index.php\/wp-json\/wp\/v2\/comments?post=4450"}],"version-history":[{"count":2,"href":"https:\/\/bellacquacmp.com\/index.php\/wp-json\/wp\/v2\/pages\/4450\/revisions"}],"predecessor-version":[{"id":4452,"href":"https:\/\/bellacquacmp.com\/index.php\/wp-json\/wp\/v2\/pages\/4450\/revisions\/4452"}],"wp:attachment":[{"href":"https:\/\/bellacquacmp.com\/index.php\/wp-json\/wp\/v2\/media?parent=4450"}],"curies":[{"name":"wp","href":"https:\/\/api.w.org\/{rel}","templated":true}]}}