{"id":4805,"date":"2019-09-18T07:22:52","date_gmt":"2019-09-18T07:22:52","guid":{"rendered":"http:\/\/bellacquacmp.com\/?page_id=4805"},"modified":"2019-09-20T17:24:13","modified_gmt":"2019-09-20T15:24:13","slug":"com-pensem","status":"publish","type":"page","link":"https:\/\/bellacquacmp.com\/index.php\/com-pensem\/","title":{"rendered":"Com pensem"},"content":{"rendered":"<div class=\"vce-row-container\"><div class=\"vce-row vce-row--col-gap-30 vce-row-columns--top vce-row-content--top\" id=\"el-3db32e45\" data-vce-do-apply=\"all el-3db32e45\"><div class=\"vce-row-content\" data-vce-element-content=\"true\"><div class=\"vce-col vce-col--md-auto vce-col--xs-1 vce-col--xs-last vce-col--xs-first vce-col--sm-last vce-col--sm-first vce-col--md-last vce-col--lg-last vce-col--xl-last vce-col--md-first vce-col--lg-first vce-col--xl-first\" id=\"el-76147529\"><div class=\"vce-col-inner\" data-vce-do-apply=\"border margin background  el-76147529\"><div class=\"vce-col-content\" data-vce-element-content=\"true\" data-vce-do-apply=\"padding el-76147529\"><div class=\"vce-single-image-container vce-single-image--align-left\"><div class=\"vce vce-single-image-wrapper\" id=\"el-0655cb38\" data-vce-do-apply=\"all el-0655cb38\"><figure><div class=\"vce-single-image-inner vce-single-image--absolute\" style=\"padding-bottom: 66.6667%; width: 960px;\"><img fetchpriority=\"high\" class=\"vce-single-image\" width=\"960\" height=\"640\"src=\"\" data-img-src=\"\" alt=\"\" title=\"\" \/><\/div><\/figure><\/div><\/div><\/div><\/div><\/div><\/div><\/div><\/div><div class=\"vce-row-container\"><div class=\"vce-row vce-row--col-gap-30 vce-row-columns--top vce-row-content--top\" id=\"el-0259664d\" data-vce-do-apply=\"all el-0259664d\"><div class=\"vce-row-content\" data-vce-element-content=\"true\"><div class=\"vce-col vce-col--md-auto vce-col--xs-1 vce-col--xs-last vce-col--xs-first vce-col--sm-last vce-col--sm-first vce-col--md-last vce-col--lg-last vce-col--xl-last vce-col--md-first vce-col--lg-first vce-col--xl-first\" id=\"el-75e307fd\"><div class=\"vce-col-inner\" data-vce-do-apply=\"border margin background  el-75e307fd\"><div class=\"vce-col-content\" data-vce-element-content=\"true\" data-vce-do-apply=\"padding el-75e307fd\"><div class=\"vce-text-block\"><div class=\"vce-text-block-wrapper vce\" id=\"el-568cd1f7\" data-vce-do-apply=\"all el-568cd1f7\"><p>Benvinguts a Bell'acqua CMP<\/p>\n<p>Aqui podr\u00e0s trobar una manera directa, imaginativa i sincera d'ajudar-te en els temes rel\u00b7lacionats amb les tevespropietats immobiliaries ... o en les que voldries adquirir.<\/p>\n<p>Les propietats estan tan vives com els seus propietaris. I necessiten atenci\u00f3 i cura per estar en \u00f2ptimes condicions de servir als objectius o necessitats fixats per ells.<\/p>\n<p>Nosaltres estem preparats per ajudar en el que necessitis o vulguis, sempre sobre la base de treballar junts en benefici de tots.<\/p>\n<p>Volem fer una feina \u00fatil, profitosa i que aporti a les diferents parts involucrades. Client, propietats i nosaltres. Volem creixer com persones i professionals amb cada tasca o projecte que culminem. I estem disposats a dir NO quan ho creiem adient. La feina feta per ocupar el temps es una experi\u00e8ncia que evitarem al m\u00e0xim.<\/p>\n<p>Sabem que hi ha molts assessors. Una bona part que nom\u00e9s entenen la compet\u00e8ncia com una amena\u00e7a a la seva butxaca. Dispossats a tot per guanyar un client. A nosaltres no en trobereu entre ells. El client ens triar\u00e0 i nosaltres triarem el client ... en la mesura qu\u00e8 ens convingui.<\/p>\n<p>Ens agraden els projectes engrescadors. Que fan pensar i estimulen la nostra ment. Qu\u00e8 ens exigeixen expremer els nostres coneixements i mestratge. Qu\u00e8 forcen la nostra creativitat per mostrar les opcions m\u00e9s plausibles i adients als interessos del client i de les seves propietats d'una manera entenidora. Defugim els escrits en Word, plens de palla i contingut pensat per fer gruix. Ens agrada l'Excel i, sobre tot, el Power Point. Ens agrada trepitjar els llocs. Coneixer els entorns. Entendre com es relaciona la propietat amb el que l'envolta. Poder donar una visi\u00f3 global, nova o coneguda per la propietat. Transversalitzar l'essencia de l'objectiu amb diferentes maneres de comprendre que sempre hi han moltes possibilitats i sovint les limitem dr\u00e0sticament.<\/p>\n<p>Parlo com \"nosaltres\" per qu\u00e8 molts enc\u00e0rrecs tenen components multidisciplinars. I he bastit un conjunt de col\u00b7laboradors amb qui compartim aquesta manera de entendre la feina.<\/p>\n<p>Som conscients que ens tanquem portes. Potser moltes. Volem destacar per la qualitat de la subst\u00e0ncia del resultat. No pas per una gran presentaci\u00f3, una factura minsa o una submissi\u00f3 total a l'enc\u00e0rrec. Tamb\u00e8 ens agrada fer Mentoring amb les propietats. I establir rel\u00b7lacions a llarg termini amb elles ... i, per descomptat, amb els seus propietaris.<\/p>\n<p>Creiem en els valor humans aplicats a l'entorn professional, no nom\u00e9s de boqueta ans abans demostrant-ho amb fets sobre la taula. Un altre cop ho diem, volem ser tan selectius com ens sigui possible i plausible a l'hora d'acceptaci\u00f3 d'ofertes de col\u00b7laboraci\u00f3 i treball. I s\u00ed, podem col\u00b7laborar amb tu.  I amb les teves propietats.<\/p>\n<p>Si aquesta presentaci\u00f3 t'abelleix i et convida a pensar diferent sobre els teus actius, som m\u00e9s aprop de tenir una conversa fruct\u00edfera.<\/p>\n<p>Fins aviat !<\/p>\n<p>Florenci Ferrusola<\/p>\n<\/div><\/div><\/div><\/div><\/div><\/div><\/div><\/div>\n","protected":false},"excerpt":{"rendered":"<p>Benvinguts a Bell&#8217;acqua CMP Aqui podr\u00e0s trobar una manera directa, imaginativa i sincera d&#8217;ajudar-te en els temes rel\u00b7lacionats amb les tevespropietats immobiliaries &#8230; o en les que voldries adquirir. Les propietats estan tan vives com els seus propietaris. I necessiten atenci\u00f3 i cura per estar en \u00f2ptimes condicions de servir als objectius o necessitats fixats per ells. Nosaltres estem preparats per ajudar en el que necessitis o vulguis, sempre sobre la base de treballar junts en benefici de tots. Volem&hellip;<\/p>\n","protected":false},"author":1,"featured_media":4386,"parent":0,"menu_order":0,"comment_status":"closed","ping_status":"closed","template":"","meta":{"footnotes":""},"class_list":["post-4805","page","type-page","status-publish","has-post-thumbnail","hentry","post-has-thumbnail"],"_links":{"self":[{"href":"https:\/\/bellacquacmp.com\/index.php\/wp-json\/wp\/v2\/pages\/4805","targetHints":{"allow":["GET"]}}],"collection":[{"href":"https:\/\/bellacquacmp.com\/index.php\/wp-json\/wp\/v2\/pages"}],"about":[{"href":"https:\/\/bellacquacmp.com\/index.php\/wp-json\/wp\/v2\/types\/page"}],"author":[{"embeddable":true,"href":"https:\/\/bellacquacmp.com\/index.php\/wp-json\/wp\/v2\/users\/1"}],"replies":[{"embeddable":true,"href":"https:\/\/bellacquacmp.com\/index.php\/wp-json\/wp\/v2\/comments?post=4805"}],"version-history":[{"count":5,"href":"https:\/\/bellacquacmp.com\/index.php\/wp-json\/wp\/v2\/pages\/4805\/revisions"}],"predecessor-version":[{"id":4865,"href":"https:\/\/bellacquacmp.com\/index.php\/wp-json\/wp\/v2\/pages\/4805\/revisions\/4865"}],"wp:featuredmedia":[{"embeddable":true,"href":"https:\/\/bellacquacmp.com\/index.php\/wp-json\/wp\/v2\/media\/4386"}],"wp:attachment":[{"href":"https:\/\/bellacquacmp.com\/index.php\/wp-json\/wp\/v2\/media?parent=4805"}],"curies":[{"name":"wp","href":"https:\/\/api.w.org\/{rel}","templated":true}]}}